{"id":35,"date":"2023-06-09T19:54:36","date_gmt":"2023-06-09T19:54:36","guid":{"rendered":"https:\/\/ardanemedical.com\/?page_id=35"},"modified":"2025-06-04T17:11:51","modified_gmt":"2025-06-04T17:11:51","slug":"what-is-dpc","status":"publish","type":"page","link":"https:\/\/ardanemedical.com\/es\/what-is-dpc\/","title":{"rendered":"\u00bfQu\u00e9 es DPC?"},"content":{"rendered":"<div data-elementor-type=\"wp-page\" data-elementor-id=\"35\" class=\"elementor elementor-35\" data-elementor-post-type=\"page\">\n\t\t\t\t<div class=\"elementor-element elementor-element-e94be3f e-flex e-con-boxed e-con e-parent\" data-id=\"e94be3f\" data-element_type=\"container\" data-e-type=\"container\" data-settings=\"{&quot;background_background&quot;:&quot;classic&quot;}\">\n\t\t\t\t\t<div class=\"e-con-inner\">\n\t\t\t\t<div class=\"elementor-element elementor-element-76b15e0 elementor-widget elementor-widget-heading\" data-id=\"76b15e0\" data-element_type=\"widget\" data-e-type=\"widget\" data-widget_type=\"heading.default\">\n\t\t\t\t<div class=\"elementor-widget-container\">\n\t\t\t\t\t<h3 class=\"elementor-heading-title elementor-size-default\">\u00bfQu\u00e9 es Atenci\u00f3n Primaria Directa?<\/h3>\t\t\t\t<\/div>\n\t\t\t\t<\/div>\n\t\t\t\t\t<\/div>\n\t\t\t\t<\/div>\n\t\t<div class=\"elementor-element elementor-element-bb5328b elementor-hidden-desktop elementor-hidden-tablet e-flex e-con-boxed e-con e-parent\" data-id=\"bb5328b\" data-element_type=\"container\" data-e-type=\"container\">\n\t\t\t\t\t<div class=\"e-con-inner\">\n\t\t\t\t<div class=\"elementor-element elementor-element-8ff884d elementor-widget elementor-widget-image\" data-id=\"8ff884d\" data-element_type=\"widget\" data-e-type=\"widget\" data-widget_type=\"image.default\">\n\t\t\t\t<div class=\"elementor-widget-container\">\n\t\t\t\t\t\t\t\t\t\t\t\t\t\t\t<img fetchpriority=\"high\" decoding=\"async\" width=\"450\" height=\"575\" src=\"https:\/\/ardanemedical.com\/wp-content\/uploads\/2023\/06\/ardane-medical-dpc.png\" class=\"attachment-large size-large wp-image-135\" alt=\"\" srcset=\"https:\/\/ardanemedical.com\/wp-content\/uploads\/2023\/06\/ardane-medical-dpc.png 450w, https:\/\/ardanemedical.com\/wp-content\/uploads\/2023\/06\/ardane-medical-dpc-235x300.png 235w\" sizes=\"(max-width: 450px) 100vw, 450px\" \/>\t\t\t\t\t\t\t\t\t\t\t\t\t\t\t<\/div>\n\t\t\t\t<\/div>\n\t\t\t\t<div class=\"elementor-element elementor-element-b5c1e38 elementor-widget elementor-widget-heading\" data-id=\"b5c1e38\" data-element_type=\"widget\" data-e-type=\"widget\" data-widget_type=\"heading.default\">\n\t\t\t\t<div class=\"elementor-widget-container\">\n\t\t\t\t\t<h2 class=\"elementor-heading-title elementor-size-default\">\u00bfQu\u00e9 es Atenci\u00f3n Primaria Directa (DPC)?<\/h2>\t\t\t\t<\/div>\n\t\t\t\t<\/div>\n\t\t\t\t<div class=\"elementor-element elementor-element-6654cfe elementor-widget elementor-widget-text-editor\" data-id=\"6654cfe\" data-element_type=\"widget\" data-e-type=\"widget\" data-widget_type=\"text-editor.default\">\n\t\t\t\t<div class=\"elementor-widget-container\">\n\t\t\t\t\t\t\t\t\t<p>El sistema de Salud est\u00e1 roto. Direct Primary Care es un movimiento nacional impulsado por m\u00e9dicos para corregir el sistema y reunir a m\u00e9dicos y pacientes sin la interferencia de las aseguradoras.<\/p>\n<p>Atenci\u00f3n Primaria Directa (DPC) es similar a una suscripci\u00f3n a Netflix. Se trata de una suscripci\u00f3n mensual para hacerse miembro de nuestra cl\u00ednica. Tenemos un l\u00edmite de pacientes. Este modelo nos permite garantizarle una cita r\u00e1pida con nuestro equipo e incluye todos los servicios que se pueden realizar en nuestra cl\u00ednica. Nuestra cl\u00ednica opera sin ning\u00fan seguro m\u00e9dico, lo que elimina los copagos.<\/p>\n<p>Las circunstancias est\u00e1n obligando a los m\u00e9dicos a realizar visitas en &quot;l\u00ednea de montaje&quot; con sus pacientes sin tener la oportunidad de conocerlos. El modelo DPC nos permite pasar m\u00e1s tiempo uno a uno con nuestros pacientes para aprender m\u00e1s sobre su historial m\u00e9dico y sus condiciones.<\/p>\n<p>Nuestra familiaridad con nuestros pacientes tambi\u00e9n nos permite ofrecer servicios efectivos de telesalud y simplificar su experiencia de atenci\u00f3n m\u00e9dica. Por ejemplo, si un paciente tiene una condici\u00f3n menor, una simple videollamada con nuestro proveedor puede ayudar al paciente sin la molestia de una visita completa al consultorio. Las visitas virtuales est\u00e1n incluidas en nuestras membres\u00edas mensuales.<\/p>\n<p>En Ardane Medical tambi\u00e9n ofrecemos servicios de laboratorio a trav\u00e9s de LabCorp, donde el paciente paga exactamente lo que nos cobra LabCorp.&nbsp;<\/p>\n<p>\u00bfNecesita medicamentos?<span class=\"Apple-converted-space\">&nbsp; <\/span>Podemos surtir la mayor\u00eda de las recetas, y nuevamente, a nuestro costo.<span class=\"Apple-converted-space\">&nbsp; <\/span>Usted paga lo que pagamos.<\/p>\n<p>En la mayor\u00eda de los centros de atenci\u00f3n primaria, obtiene un enfermero practicante, un m\u00e9dico general o un m\u00e9dico de medicina familiar.<span class=\"Apple-converted-space\">&nbsp; <\/span>En Ardane Medical, obtienes el bono de un especialista en Medicina Interna.<\/p>\t\t\t\t\t\t\t\t<\/div>\n\t\t\t\t<\/div>\n\t\t\t\t\t<\/div>\n\t\t\t\t<\/div>\n\t\t<div class=\"elementor-element elementor-element-ceda076 elementor-hidden-desktop elementor-hidden-mobile e-flex e-con-boxed e-con e-parent\" data-id=\"ceda076\" data-element_type=\"container\" data-e-type=\"container\">\n\t\t\t\t\t<div class=\"e-con-inner\">\n\t\t\t\t<div class=\"elementor-element elementor-element-00f038d elementor-widget elementor-widget-heading\" data-id=\"00f038d\" data-element_type=\"widget\" data-e-type=\"widget\" data-widget_type=\"heading.default\">\n\t\t\t\t<div class=\"elementor-widget-container\">\n\t\t\t\t\t<h2 class=\"elementor-heading-title elementor-size-default\">\u00bfQu\u00e9 es Atenci\u00f3n Primaria Directa (DPC)?<\/h2>\t\t\t\t<\/div>\n\t\t\t\t<\/div>\n\t\t\t\t<div class=\"elementor-element elementor-element-6185c18 elementor-widget elementor-widget-text-editor\" data-id=\"6185c18\" data-element_type=\"widget\" data-e-type=\"widget\" data-widget_type=\"text-editor.default\">\n\t\t\t\t<div class=\"elementor-widget-container\">\n\t\t\t\t\t\t\t\t\t<p><img decoding=\"async\" class=\"wp-image-135 size-full alignright\" src=\"https:\/\/ardanemedical.com\/wp-content\/uploads\/2023\/06\/ardane-medical-dpc.png\" alt=\"\" width=\"450\" height=\"575\" srcset=\"https:\/\/ardanemedical.com\/wp-content\/uploads\/2023\/06\/ardane-medical-dpc.png 450w, https:\/\/ardanemedical.com\/wp-content\/uploads\/2023\/06\/ardane-medical-dpc-235x300.png 235w\" sizes=\"(max-width: 450px) 100vw, 450px\" \/><\/p><p>El sistema de Salud est\u00e1 roto. Direct Primary Care es un movimiento nacional impulsado por m\u00e9dicos para corregir el sistema y reunir a m\u00e9dicos y pacientes sin la interferencia de las aseguradoras.<\/p><p>Atenci\u00f3n Primaria Directa (DPC) es similar a una suscripci\u00f3n a Netflix. Se trata de una suscripci\u00f3n mensual para hacerse miembro de nuestra cl\u00ednica. Tenemos un l\u00edmite de pacientes. Este modelo nos permite garantizarle una cita r\u00e1pida con nuestro equipo e incluye todos los servicios que se pueden realizar en nuestra cl\u00ednica. Nuestra cl\u00ednica opera sin ning\u00fan seguro m\u00e9dico, lo que elimina los copagos.<\/p><p>Las circunstancias est\u00e1n obligando a los m\u00e9dicos a realizar visitas en &quot;l\u00ednea de montaje&quot; con sus pacientes sin tener la oportunidad de conocerlos. El modelo DPC nos permite pasar m\u00e1s tiempo uno a uno con nuestros pacientes para aprender m\u00e1s sobre su historial m\u00e9dico y sus condiciones.<\/p><p>Nuestra familiaridad con nuestros pacientes tambi\u00e9n nos permite ofrecer servicios efectivos de telesalud y simplificar su experiencia de atenci\u00f3n m\u00e9dica. Por ejemplo, si un paciente tiene una condici\u00f3n menor, una simple videollamada con nuestro proveedor puede ayudar al paciente sin la molestia de una visita completa al consultorio. Las visitas virtuales est\u00e1n incluidas en nuestras membres\u00edas mensuales.<\/p><p>En Ardane Medical tambi\u00e9n ofrecemos servicios de laboratorio a trav\u00e9s de LabCorp, donde el paciente paga exactamente lo que nos cobra LabCorp.\u00a0<\/p><p>\u00bfNecesita medicamentos?<span class=\"Apple-converted-space\">\u00a0 <\/span>Podemos surtir la mayor\u00eda de las recetas, y nuevamente, a nuestro costo.<span class=\"Apple-converted-space\">\u00a0 <\/span>Usted paga lo que pagamos.<\/p><p>En la mayor\u00eda de los centros de atenci\u00f3n primaria, obtiene un enfermero practicante, un m\u00e9dico general o un m\u00e9dico de medicina familiar.<span class=\"Apple-converted-space\">\u00a0 <\/span>En Ardane Medical, obtienes el bono de un especialista en Medicina Interna.<\/p>\t\t\t\t\t\t\t\t<\/div>\n\t\t\t\t<\/div>\n\t\t\t\t\t<\/div>\n\t\t\t\t<\/div>\n\t\t<div class=\"elementor-element elementor-element-0686ea7 elementor-hidden-tablet elementor-hidden-mobile e-flex e-con-boxed e-con e-parent\" data-id=\"0686ea7\" data-element_type=\"container\" data-e-type=\"container\">\n\t\t\t\t\t<div class=\"e-con-inner\">\n\t\t<div class=\"elementor-element elementor-element-3cc00a6 e-con-full e-flex e-con e-child\" data-id=\"3cc00a6\" data-element_type=\"container\" data-e-type=\"container\">\n\t\t\t\t<div class=\"elementor-element elementor-element-25333d6 elementor-widget elementor-widget-heading\" data-id=\"25333d6\" data-element_type=\"widget\" data-e-type=\"widget\" data-widget_type=\"heading.default\">\n\t\t\t\t<div class=\"elementor-widget-container\">\n\t\t\t\t\t<h2 class=\"elementor-heading-title elementor-size-default\">\u00bfQu\u00e9 es Atenci\u00f3n Primaria Directa (DPC)?<\/h2>\t\t\t\t<\/div>\n\t\t\t\t<\/div>\n\t\t\t\t<div class=\"elementor-element elementor-element-59c182d elementor-widget elementor-widget-text-editor\" data-id=\"59c182d\" data-element_type=\"widget\" data-e-type=\"widget\" data-widget_type=\"text-editor.default\">\n\t\t\t\t<div class=\"elementor-widget-container\">\n\t\t\t\t\t\t\t\t\t<p>El sistema de Salud est\u00e1 roto. Direct Primary Care es un movimiento nacional impulsado por m\u00e9dicos para corregir el sistema y reunir a m\u00e9dicos y pacientes sin la interferencia de las aseguradoras.<\/p><p>Atenci\u00f3n Primaria Directa (DPC) es similar a una suscripci\u00f3n a Netflix. Se trata de una suscripci\u00f3n mensual para hacerse miembro de nuestra cl\u00ednica. Tenemos un l\u00edmite de pacientes. Este modelo nos permite garantizarle una cita r\u00e1pida con nuestro equipo e incluye todos los servicios que se pueden realizar en nuestra cl\u00ednica. Nuestra cl\u00ednica opera sin ning\u00fan seguro m\u00e9dico, lo que elimina los copagos.<\/p><p>Las circunstancias est\u00e1n obligando a los m\u00e9dicos a realizar visitas en &quot;l\u00ednea de montaje&quot; con sus pacientes sin tener la oportunidad de conocerlos. El modelo DPC nos permite pasar m\u00e1s tiempo uno a uno con nuestros pacientes para aprender m\u00e1s sobre su historial m\u00e9dico y sus condiciones.<\/p><p>Nuestra familiaridad con nuestros pacientes tambi\u00e9n nos permite ofrecer servicios efectivos de telesalud y simplificar su experiencia de atenci\u00f3n m\u00e9dica. Por ejemplo, si un paciente tiene una condici\u00f3n menor, una simple videollamada con nuestro proveedor puede ayudar al paciente sin la molestia de una visita completa al consultorio. Las visitas virtuales est\u00e1n incluidas en nuestras membres\u00edas mensuales.<\/p><p>En Ardane Medical tambi\u00e9n ofrecemos servicios de laboratorio a trav\u00e9s de LabCorp, donde el paciente paga exactamente lo que nos cobra LabCorp. <span class=\"Apple-converted-space\">\u00a0<\/span><\/p><p>\u00bfNecesita medicamentos?<span class=\"Apple-converted-space\">\u00a0 <\/span>Podemos surtir la mayor\u00eda de las recetas, y nuevamente, a nuestro costo.<span class=\"Apple-converted-space\">\u00a0 <\/span>Usted paga lo que pagamos.<\/p><p>En la mayor\u00eda de los centros de atenci\u00f3n primaria, obtiene un enfermero practicante, un m\u00e9dico general o un m\u00e9dico de medicina familiar.<span class=\"Apple-converted-space\">\u00a0 <\/span>En Ardane Medical, obtienes el bono de un especialista en Medicina Interna.<\/p>\t\t\t\t\t\t\t\t<\/div>\n\t\t\t\t<\/div>\n\t\t\t\t<\/div>\n\t\t<div class=\"elementor-element elementor-element-019cd67 e-con-full e-flex e-con e-child\" data-id=\"019cd67\" data-element_type=\"container\" data-e-type=\"container\">\n\t\t\t\t<div class=\"elementor-element elementor-element-58df99c elementor-widget elementor-widget-image\" data-id=\"58df99c\" data-element_type=\"widget\" data-e-type=\"widget\" data-widget_type=\"image.default\">\n\t\t\t\t<div class=\"elementor-widget-container\">\n\t\t\t\t\t\t\t\t\t\t\t\t\t\t\t<img decoding=\"async\" width=\"900\" height=\"1181\" src=\"https:\/\/ardanemedical.com\/wp-content\/uploads\/2023\/06\/what-is-dpc-desktop-version.png\" class=\"attachment-full size-full wp-image-142\" alt=\"\" srcset=\"https:\/\/ardanemedical.com\/wp-content\/uploads\/2023\/06\/what-is-dpc-desktop-version.png 900w, https:\/\/ardanemedical.com\/wp-content\/uploads\/2023\/06\/what-is-dpc-desktop-version-229x300.png 229w, https:\/\/ardanemedical.com\/wp-content\/uploads\/2023\/06\/what-is-dpc-desktop-version-780x1024.png 780w, https:\/\/ardanemedical.com\/wp-content\/uploads\/2023\/06\/what-is-dpc-desktop-version-768x1008.png 768w\" sizes=\"(max-width: 900px) 100vw, 900px\" \/>\t\t\t\t\t\t\t\t\t\t\t\t\t\t\t<\/div>\n\t\t\t\t<\/div>\n\t\t\t\t<\/div>\n\t\t\t\t\t<\/div>\n\t\t\t\t<\/div>\n\t\t\t\t<\/div>","protected":false},"excerpt":{"rendered":"<p>What is Direct Primary Care? What is Direct Primary Care (DPC)? The Healthcare system is broken. Direct Primary Care is a national, physician-driven movement to correct the system and reunite doctors and patients without insurer interference. Direct Primary Care (DPC) is similar to a Netflix subscription. It is a monthly based subscription to become a [&hellip;]<\/p>\n","protected":false},"author":2,"featured_media":0,"parent":0,"menu_order":0,"comment_status":"closed","ping_status":"closed","template":"","meta":{"inline_featured_image":false,"site-sidebar-layout":"no-sidebar","site-content-layout":"page-builder","ast-site-content-layout":"default","site-content-style":"default","site-sidebar-style":"default","ast-global-header-display":"","ast-banner-title-visibility":"","ast-main-header-display":"","ast-hfb-above-header-display":"","ast-hfb-below-header-display":"","ast-hfb-mobile-header-display":"","site-post-title":"disabled","ast-breadcrumbs-content":"","ast-featured-img":"disabled","footer-sml-layout":"","ast-disable-related-posts":"","theme-transparent-header-meta":"","adv-header-id-meta":"","stick-header-meta":"","header-above-stick-meta":"","header-main-stick-meta":"","header-below-stick-meta":"","astra-migrate-meta-layouts":"default","ast-page-background-enabled":"default","ast-page-background-meta":{"desktop":{"background-color":"var(--ast-global-color-4)","background-image":"","background-repeat":"repeat","background-position":"center center","background-size":"auto","background-attachment":"scroll","background-type":"","background-media":"","overlay-type":"","overlay-color":"","overlay-opacity":"","overlay-gradient":""},"tablet":{"background-color":"","background-image":"","background-repeat":"repeat","background-position":"center center","background-size":"auto","background-attachment":"scroll","background-type":"","background-media":"","overlay-type":"","overlay-color":"","overlay-opacity":"","overlay-gradient":""},"mobile":{"background-color":"","background-image":"","background-repeat":"repeat","background-position":"center center","background-size":"auto","background-attachment":"scroll","background-type":"","background-media":"","overlay-type":"","overlay-color":"","overlay-opacity":"","overlay-gradient":""}},"ast-content-background-meta":{"desktop":{"background-color":"var(--ast-global-color-5)","background-image":"","background-repeat":"repeat","background-position":"center center","background-size":"auto","background-attachment":"scroll","background-type":"","background-media":"","overlay-type":"","overlay-color":"","overlay-opacity":"","overlay-gradient":""},"tablet":{"background-color":"var(--ast-global-color-5)","background-image":"","background-repeat":"repeat","background-position":"center center","background-size":"auto","background-attachment":"scroll","background-type":"","background-media":"","overlay-type":"","overlay-color":"","overlay-opacity":"","overlay-gradient":""},"mobile":{"background-color":"var(--ast-global-color-5)","background-image":"","background-repeat":"repeat","background-position":"center center","background-size":"auto","background-attachment":"scroll","background-type":"","background-media":"","overlay-type":"","overlay-color":"","overlay-opacity":"","overlay-gradient":""}},"footnotes":""},"class_list":["post-35","page","type-page","status-publish","hentry"],"_links":{"self":[{"href":"https:\/\/ardanemedical.com\/es\/wp-json\/wp\/v2\/pages\/35","targetHints":{"allow":["GET"]}}],"collection":[{"href":"https:\/\/ardanemedical.com\/es\/wp-json\/wp\/v2\/pages"}],"about":[{"href":"https:\/\/ardanemedical.com\/es\/wp-json\/wp\/v2\/types\/page"}],"author":[{"embeddable":true,"href":"https:\/\/ardanemedical.com\/es\/wp-json\/wp\/v2\/users\/2"}],"replies":[{"embeddable":true,"href":"https:\/\/ardanemedical.com\/es\/wp-json\/wp\/v2\/comments?post=35"}],"version-history":[{"count":19,"href":"https:\/\/ardanemedical.com\/es\/wp-json\/wp\/v2\/pages\/35\/revisions"}],"predecessor-version":[{"id":345,"href":"https:\/\/ardanemedical.com\/es\/wp-json\/wp\/v2\/pages\/35\/revisions\/345"}],"wp:attachment":[{"href":"https:\/\/ardanemedical.com\/es\/wp-json\/wp\/v2\/media?parent=35"}],"curies":[{"name":"gracias","href":"https:\/\/api.w.org\/{rel}","templated":true}]}}