{"id":43,"date":"2023-06-09T19:55:33","date_gmt":"2023-06-09T19:55:33","guid":{"rendered":"https:\/\/ardanemedical.com\/?page_id=43"},"modified":"2026-01-23T17:29:26","modified_gmt":"2026-01-23T17:29:26","slug":"our-staff","status":"publish","type":"page","link":"https:\/\/ardanemedical.com\/es\/our-staff\/","title":{"rendered":"Nuestro Personal"},"content":{"rendered":"<div data-elementor-type=\"wp-page\" data-elementor-id=\"43\" class=\"elementor elementor-43\" data-elementor-post-type=\"page\">\n\t\t\t\t<div class=\"elementor-element elementor-element-f544de4 e-con-full e-flex e-con e-parent\" data-id=\"f544de4\" data-element_type=\"container\" data-e-type=\"container\" data-settings=\"{&quot;background_background&quot;:&quot;classic&quot;}\">\n\t\t\t\t<div class=\"elementor-element elementor-element-a502078 elementor-widget elementor-widget-heading\" data-id=\"a502078\" data-element_type=\"widget\" data-e-type=\"widget\" data-widget_type=\"heading.default\">\n\t\t\t\t<div class=\"elementor-widget-container\">\n\t\t\t\t\t<h3 class=\"elementor-heading-title elementor-size-default\">Nuestro Personal<\/h3>\t\t\t\t<\/div>\n\t\t\t\t<\/div>\n\t\t\t\t<div class=\"elementor-element elementor-element-c0f2dcc elementor-widget elementor-widget-heading\" data-id=\"c0f2dcc\" data-element_type=\"widget\" data-e-type=\"widget\" data-widget_type=\"heading.default\">\n\t\t\t\t<div class=\"elementor-widget-container\">\n\t\t\t\t\t<h4 class=\"elementor-heading-title elementor-size-default\">Una pr\u00e1ctica verdaderamente familiar<\/h4>\t\t\t\t<\/div>\n\t\t\t\t<\/div>\n\t\t\t\t<\/div>\n\t\t<div class=\"elementor-element elementor-element-901c155 e-flex e-con-boxed e-con e-parent\" data-id=\"901c155\" data-element_type=\"container\" data-e-type=\"container\">\n\t\t\t\t\t<div class=\"e-con-inner\">\n\t\t<div class=\"elementor-element elementor-element-7d69251 e-con-full e-flex e-con e-child\" data-id=\"7d69251\" data-element_type=\"container\" data-e-type=\"container\">\n\t\t\t\t<div class=\"elementor-element elementor-element-cec73f4 elementor-widget elementor-widget-image\" data-id=\"cec73f4\" data-element_type=\"widget\" data-e-type=\"widget\" data-widget_type=\"image.default\">\n\t\t\t\t<div class=\"elementor-widget-container\">\n\t\t\t\t\t\t\t\t\t\t\t\t\t\t\t<img fetchpriority=\"high\" decoding=\"async\" width=\"1000\" height=\"1000\" src=\"https:\/\/ardanemedical.com\/wp-content\/uploads\/2023\/06\/ardane-medical-staff-sandra-rosado.png\" class=\"attachment-large size-large wp-image-159\" alt=\"\" srcset=\"https:\/\/ardanemedical.com\/wp-content\/uploads\/2023\/06\/ardane-medical-staff-sandra-rosado.png 1000w, https:\/\/ardanemedical.com\/wp-content\/uploads\/2023\/06\/ardane-medical-staff-sandra-rosado-300x300.png 300w, https:\/\/ardanemedical.com\/wp-content\/uploads\/2023\/06\/ardane-medical-staff-sandra-rosado-150x150.png 150w, https:\/\/ardanemedical.com\/wp-content\/uploads\/2023\/06\/ardane-medical-staff-sandra-rosado-768x768.png 768w\" sizes=\"(max-width: 1000px) 100vw, 1000px\" \/>\t\t\t\t\t\t\t\t\t\t\t\t\t\t\t<\/div>\n\t\t\t\t<\/div>\n\t\t\t\t<\/div>\n\t\t<div class=\"elementor-element elementor-element-8904cac e-con-full e-flex e-con e-child\" data-id=\"8904cac\" data-element_type=\"container\" data-e-type=\"container\">\n\t\t\t\t<div class=\"elementor-element elementor-element-b40a54a elementor-widget elementor-widget-heading\" data-id=\"b40a54a\" data-element_type=\"widget\" data-e-type=\"widget\" data-widget_type=\"heading.default\">\n\t\t\t\t<div class=\"elementor-widget-container\">\n\t\t\t\t\t<h3 class=\"elementor-heading-title elementor-size-default\">Dra. Sandra Nieves Rosado<\/h3>\t\t\t\t<\/div>\n\t\t\t\t<\/div>\n\t\t\t\t<div class=\"elementor-element elementor-element-5d78c9c elementor-widget elementor-widget-heading\" data-id=\"5d78c9c\" data-element_type=\"widget\" data-e-type=\"widget\" data-widget_type=\"heading.default\">\n\t\t\t\t<div class=\"elementor-widget-container\">\n\t\t\t\t\t<h2 class=\"elementor-heading-title elementor-size-default\">M\u00e9dico<\/h2>\t\t\t\t<\/div>\n\t\t\t\t<\/div>\n\t\t\t\t<div class=\"elementor-element elementor-element-fe5e350 elementor-widget elementor-widget-text-editor\" data-id=\"fe5e350\" data-element_type=\"widget\" data-e-type=\"widget\" data-widget_type=\"text-editor.default\">\n\t\t\t\t<div class=\"elementor-widget-container\">\n\t\t\t\t\t\t\t\t\t<p>La Dra. Sandra es una m\u00e9dica certificada por la Junta que complet\u00f3 su residencia en Medicina Interna en la Ciudad de Nueva York en la Escuela de Medicina Mt Sinai - Centro M\u00e9dico Cabrini.<span class=\"Apple-converted-space\">\u00a0 <\/span>Ella es biling\u00fce en ingl\u00e9s y espa\u00f1ol.<\/p><p>Tiene m\u00e1s de 15 a\u00f1os de experiencia como m\u00e9dica, enfoc\u00e1ndose en geriatr\u00eda. Antes de dejar la ciudad de Nueva York, fue directora m\u00e9dica de una empresa sin fines de lucro que supervisaba a 30 proveedores, 500 miembros del personal y 2600 pacientes con una edad promedio de 82 a\u00f1os. Encabez\u00f3 la respuesta al COVID de su empresa antes de mudarse a Carolina del Sur.<\/p><p>En el 2021 se mud\u00f3 a S\u00e9neca para criar a sus dos hijos. En su tiempo libre, disfruta creando recuerdos con su familia y amigos, haciendo ejercicio, catando vinos y viajando.<\/p>\t\t\t\t\t\t\t\t<\/div>\n\t\t\t\t<\/div>\n\t\t\t\t<\/div>\n\t\t\t\t\t<\/div>\n\t\t\t\t<\/div>\n\t\t<div class=\"elementor-element elementor-element-a665267 e-flex e-con-boxed e-con e-parent\" data-id=\"a665267\" data-element_type=\"container\" data-e-type=\"container\">\n\t\t\t\t\t<div class=\"e-con-inner\">\n\t\t<div class=\"elementor-element elementor-element-063a4b4 e-con-full e-flex e-con e-child\" data-id=\"063a4b4\" data-element_type=\"container\" data-e-type=\"container\">\n\t\t\t\t<div class=\"elementor-element elementor-element-4d90cf8 elementor-widget elementor-widget-heading\" data-id=\"4d90cf8\" data-element_type=\"widget\" data-e-type=\"widget\" data-widget_type=\"heading.default\">\n\t\t\t\t<div class=\"elementor-widget-container\">\n\t\t\t\t\t<h3 class=\"elementor-heading-title elementor-size-default\">Lauren<\/h3>\t\t\t\t<\/div>\n\t\t\t\t<\/div>\n\t\t\t\t<div class=\"elementor-element elementor-element-553bc41 elementor-widget elementor-widget-heading\" data-id=\"553bc41\" data-element_type=\"widget\" data-e-type=\"widget\" data-widget_type=\"heading.default\">\n\t\t\t\t<div class=\"elementor-widget-container\">\n\t\t\t\t\t<h2 class=\"elementor-heading-title elementor-size-default\">Flebotomista \/ T\u00e9cnico de farmacia<span style=\"font-style: inherit\"><\/span><\/h2>\t\t\t\t<\/div>\n\t\t\t\t<\/div>\n\t\t\t\t<div class=\"elementor-element elementor-element-f024e24 elementor-widget elementor-widget-text-editor\" data-id=\"f024e24\" data-element_type=\"widget\" data-e-type=\"widget\" data-widget_type=\"text-editor.default\">\n\t\t\t\t<div class=\"elementor-widget-container\">\n\t\t\t\t\t\t\t\t\t<p>Lauren est\u00e1 a cargo de todo lo relacionado con el laboratorio y la farmacia. Se une a nosotros tras su paso por Blood Connection y otros proveedores m\u00e9dicos de la zona. Nacida y criada en Greenville, se incorpor\u00f3 a Ardane Medical en enero de 2026 y esperamos que siga con nosotros mucho tiempo.<\/p>\t\t\t\t\t\t\t\t<\/div>\n\t\t\t\t<\/div>\n\t\t\t\t<\/div>\n\t\t<div class=\"elementor-element elementor-element-5d8a005 e-con-full e-flex e-con e-child\" data-id=\"5d8a005\" data-element_type=\"container\" data-e-type=\"container\">\n\t\t\t\t<div class=\"elementor-element elementor-element-03f5fb9 elementor-widget elementor-widget-image\" data-id=\"03f5fb9\" data-element_type=\"widget\" data-e-type=\"widget\" data-widget_type=\"image.default\">\n\t\t\t\t<div class=\"elementor-widget-container\">\n\t\t\t\t\t\t\t\t\t\t\t\t\t\t\t<img decoding=\"async\" width=\"1000\" height=\"1000\" src=\"https:\/\/ardanemedical.com\/wp-content\/uploads\/2026\/01\/Untitled-design-2.png\" class=\"attachment-large size-large wp-image-388\" alt=\"\" srcset=\"https:\/\/ardanemedical.com\/wp-content\/uploads\/2026\/01\/Untitled-design-2.png 1000w, https:\/\/ardanemedical.com\/wp-content\/uploads\/2026\/01\/Untitled-design-2-300x300.png 300w, https:\/\/ardanemedical.com\/wp-content\/uploads\/2026\/01\/Untitled-design-2-150x150.png 150w, https:\/\/ardanemedical.com\/wp-content\/uploads\/2026\/01\/Untitled-design-2-768x768.png 768w, https:\/\/ardanemedical.com\/wp-content\/uploads\/2026\/01\/Untitled-design-2-12x12.png 12w\" sizes=\"(max-width: 1000px) 100vw, 1000px\" \/>\t\t\t\t\t\t\t\t\t\t\t\t\t\t\t<\/div>\n\t\t\t\t<\/div>\n\t\t\t\t<\/div>\n\t\t\t\t\t<\/div>\n\t\t\t\t<\/div>\n\t\t<div class=\"elementor-element elementor-element-26f7426 e-flex e-con-boxed e-con e-parent\" data-id=\"26f7426\" data-element_type=\"container\" data-e-type=\"container\">\n\t\t\t\t\t<div class=\"e-con-inner\">\n\t\t\t\t<div class=\"elementor-element elementor-element-223df90 elementor-widget-divider--view-line elementor-widget elementor-widget-divider\" data-id=\"223df90\" data-element_type=\"widget\" data-e-type=\"widget\" data-widget_type=\"divider.default\">\n\t\t\t\t<div class=\"elementor-widget-container\">\n\t\t\t\t\t\t\t<div class=\"elementor-divider\">\n\t\t\t<span class=\"elementor-divider-separator\">\n\t\t\t\t\t\t<\/span>\n\t\t<\/div>\n\t\t\t\t\t\t<\/div>\n\t\t\t\t<\/div>\n\t\t\t\t\t<\/div>\n\t\t\t\t<\/div>\n\t\t<div class=\"elementor-element elementor-element-141c40f e-transform e-flex e-con-boxed e-con e-parent\" data-id=\"141c40f\" data-element_type=\"container\" data-e-type=\"container\" data-settings=\"{&quot;_transform_rotateZ_effect&quot;:{&quot;unit&quot;:&quot;px&quot;,&quot;size&quot;:&quot;&quot;,&quot;sizes&quot;:[]},&quot;_transform_rotateZ_effect_tablet&quot;:{&quot;unit&quot;:&quot;deg&quot;,&quot;size&quot;:&quot;&quot;,&quot;sizes&quot;:[]},&quot;_transform_rotateZ_effect_mobile&quot;:{&quot;unit&quot;:&quot;deg&quot;,&quot;size&quot;:&quot;&quot;,&quot;sizes&quot;:[]}}\">\n\t\t\t\t\t<div class=\"e-con-inner\">\n\t\t<div class=\"elementor-element elementor-element-0eb3a82 e-con-full e-flex e-con e-child\" data-id=\"0eb3a82\" data-element_type=\"container\" data-e-type=\"container\">\n\t\t\t\t<div class=\"elementor-element elementor-element-d52b34f elementor-hidden-desktop elementor-hidden-tablet elementor-widget elementor-widget-image\" data-id=\"d52b34f\" data-element_type=\"widget\" data-e-type=\"widget\" data-widget_type=\"image.default\">\n\t\t\t\t<div class=\"elementor-widget-container\">\n\t\t\t\t\t\t\t\t\t\t\t\t\t\t\t<img decoding=\"async\" width=\"1000\" height=\"1000\" src=\"https:\/\/ardanemedical.com\/wp-content\/uploads\/2026\/01\/Untitled-design-3.png\" class=\"attachment-large size-large wp-image-389\" alt=\"\" srcset=\"https:\/\/ardanemedical.com\/wp-content\/uploads\/2026\/01\/Untitled-design-3.png 1000w, https:\/\/ardanemedical.com\/wp-content\/uploads\/2026\/01\/Untitled-design-3-300x300.png 300w, https:\/\/ardanemedical.com\/wp-content\/uploads\/2026\/01\/Untitled-design-3-150x150.png 150w, https:\/\/ardanemedical.com\/wp-content\/uploads\/2026\/01\/Untitled-design-3-768x768.png 768w, https:\/\/ardanemedical.com\/wp-content\/uploads\/2026\/01\/Untitled-design-3-12x12.png 12w\" sizes=\"(max-width: 1000px) 100vw, 1000px\" \/>\t\t\t\t\t\t\t\t\t\t\t\t\t\t\t<\/div>\n\t\t\t\t<\/div>\n\t\t\t\t<div class=\"elementor-element elementor-element-905f544 elementor-widget elementor-widget-heading\" data-id=\"905f544\" data-element_type=\"widget\" data-e-type=\"widget\" data-widget_type=\"heading.default\">\n\t\t\t\t<div class=\"elementor-widget-container\">\n\t\t\t\t\t<h3 class=\"elementor-heading-title elementor-size-default\">anderson<\/h3>\t\t\t\t<\/div>\n\t\t\t\t<\/div>\n\t\t\t\t<div class=\"elementor-element elementor-element-59fa758 elementor-widget elementor-widget-heading\" data-id=\"59fa758\" data-element_type=\"widget\" data-e-type=\"widget\" data-widget_type=\"heading.default\">\n\t\t\t\t<div class=\"elementor-widget-container\">\n\t\t\t\t\t<h2 class=\"elementor-heading-title elementor-size-default\">Gerente de oficina<\/h2>\t\t\t\t<\/div>\n\t\t\t\t<\/div>\n\t\t\t\t<div class=\"elementor-element elementor-element-3977e3e elementor-widget elementor-widget-text-editor\" data-id=\"3977e3e\" data-element_type=\"widget\" data-e-type=\"widget\" data-widget_type=\"text-editor.default\">\n\t\t\t\t<div class=\"elementor-widget-container\">\n\t\t\t\t\t\t\t\t\t<p>Doug est\u00e1 casado con la Dra. Sandra y hace todo lo dem\u00e1s.<\/p>\t\t\t\t\t\t\t\t<\/div>\n\t\t\t\t<\/div>\n\t\t\t\t<\/div>\n\t\t<div class=\"elementor-element elementor-element-a1b863b e-con-full elementor-hidden-mobile e-flex e-con e-child\" data-id=\"a1b863b\" data-element_type=\"container\" data-e-type=\"container\">\n\t\t\t\t<div class=\"elementor-element elementor-element-bdf9c81 elementor-widget elementor-widget-image\" data-id=\"bdf9c81\" data-element_type=\"widget\" data-e-type=\"widget\" data-widget_type=\"image.default\">\n\t\t\t\t<div class=\"elementor-widget-container\">\n\t\t\t\t\t\t\t\t\t\t\t\t\t\t\t<img decoding=\"async\" width=\"1000\" height=\"1000\" src=\"https:\/\/ardanemedical.com\/wp-content\/uploads\/2026\/01\/Untitled-design-3.png\" class=\"attachment-large size-large wp-image-389\" alt=\"\" srcset=\"https:\/\/ardanemedical.com\/wp-content\/uploads\/2026\/01\/Untitled-design-3.png 1000w, https:\/\/ardanemedical.com\/wp-content\/uploads\/2026\/01\/Untitled-design-3-300x300.png 300w, https:\/\/ardanemedical.com\/wp-content\/uploads\/2026\/01\/Untitled-design-3-150x150.png 150w, https:\/\/ardanemedical.com\/wp-content\/uploads\/2026\/01\/Untitled-design-3-768x768.png 768w, https:\/\/ardanemedical.com\/wp-content\/uploads\/2026\/01\/Untitled-design-3-12x12.png 12w\" sizes=\"(max-width: 1000px) 100vw, 1000px\" \/>\t\t\t\t\t\t\t\t\t\t\t\t\t\t\t<\/div>\n\t\t\t\t<\/div>\n\t\t\t\t<\/div>\n\t\t\t\t\t<\/div>\n\t\t\t\t<\/div>\n\t\t\t\t<\/div>","protected":false},"excerpt":{"rendered":"<p>Our Staff A Truly Family-Owned Practice Dr. Sandra Nieves Rosado Physician Dr. Sandra is a Board-Certified physician who completed her Internal Medicine residency in NYC at the Mt Sinai School of Medicine \u2013 Cabrini Medical Center.\u00a0 She is bilingual in English and Spanish. She has over 15 years of experience as a physician, focusing on [&hellip;]<\/p>\n","protected":false},"author":2,"featured_media":0,"parent":0,"menu_order":0,"comment_status":"closed","ping_status":"closed","template":"","meta":{"inline_featured_image":false,"site-sidebar-layout":"no-sidebar","site-content-layout":"page-builder","ast-site-content-layout":"default","site-content-style":"default","site-sidebar-style":"default","ast-global-header-display":"","ast-banner-title-visibility":"","ast-main-header-display":"","ast-hfb-above-header-display":"","ast-hfb-below-header-display":"","ast-hfb-mobile-header-display":"","site-post-title":"disabled","ast-breadcrumbs-content":"","ast-featured-img":"disabled","footer-sml-layout":"","ast-disable-related-posts":"","theme-transparent-header-meta":"","adv-header-id-meta":"","stick-header-meta":"","header-above-stick-meta":"","header-main-stick-meta":"","header-below-stick-meta":"","astra-migrate-meta-layouts":"default","ast-page-background-enabled":"default","ast-page-background-meta":{"desktop":{"background-color":"var(--ast-global-color-4)","background-image":"","background-repeat":"repeat","background-position":"center center","background-size":"auto","background-attachment":"scroll","background-type":"","background-media":"","overlay-type":"","overlay-color":"","overlay-opacity":"","overlay-gradient":""},"tablet":{"background-color":"","background-image":"","background-repeat":"repeat","background-position":"center center","background-size":"auto","background-attachment":"scroll","background-type":"","background-media":"","overlay-type":"","overlay-color":"","overlay-opacity":"","overlay-gradient":""},"mobile":{"background-color":"","background-image":"","background-repeat":"repeat","background-position":"center center","background-size":"auto","background-attachment":"scroll","background-type":"","background-media":"","overlay-type":"","overlay-color":"","overlay-opacity":"","overlay-gradient":""}},"ast-content-background-meta":{"desktop":{"background-color":"var(--ast-global-color-5)","background-image":"","background-repeat":"repeat","background-position":"center center","background-size":"auto","background-attachment":"scroll","background-type":"","background-media":"","overlay-type":"","overlay-color":"","overlay-opacity":"","overlay-gradient":""},"tablet":{"background-color":"var(--ast-global-color-5)","background-image":"","background-repeat":"repeat","background-position":"center center","background-size":"auto","background-attachment":"scroll","background-type":"","background-media":"","overlay-type":"","overlay-color":"","overlay-opacity":"","overlay-gradient":""},"mobile":{"background-color":"var(--ast-global-color-5)","background-image":"","background-repeat":"repeat","background-position":"center center","background-size":"auto","background-attachment":"scroll","background-type":"","background-media":"","overlay-type":"","overlay-color":"","overlay-opacity":"","overlay-gradient":""}},"footnotes":""},"class_list":["post-43","page","type-page","status-publish","hentry"],"_links":{"self":[{"href":"https:\/\/ardanemedical.com\/es\/wp-json\/wp\/v2\/pages\/43","targetHints":{"allow":["GET"]}}],"collection":[{"href":"https:\/\/ardanemedical.com\/es\/wp-json\/wp\/v2\/pages"}],"about":[{"href":"https:\/\/ardanemedical.com\/es\/wp-json\/wp\/v2\/types\/page"}],"author":[{"embeddable":true,"href":"https:\/\/ardanemedical.com\/es\/wp-json\/wp\/v2\/users\/2"}],"replies":[{"embeddable":true,"href":"https:\/\/ardanemedical.com\/es\/wp-json\/wp\/v2\/comments?post=43"}],"version-history":[{"count":22,"href":"https:\/\/ardanemedical.com\/es\/wp-json\/wp\/v2\/pages\/43\/revisions"}],"predecessor-version":[{"id":395,"href":"https:\/\/ardanemedical.com\/es\/wp-json\/wp\/v2\/pages\/43\/revisions\/395"}],"wp:attachment":[{"href":"https:\/\/ardanemedical.com\/es\/wp-json\/wp\/v2\/media?parent=43"}],"curies":[{"name":"gracias","href":"https:\/\/api.w.org\/{rel}","templated":true}]}}